{"id":1289,"date":"2020-06-30T21:16:36","date_gmt":"2020-07-01T01:16:36","guid":{"rendered":"https:\/\/santecirclehealth.com:8888\/contactez-nous\/"},"modified":"2023-07-28T12:40:53","modified_gmt":"2023-07-28T16:40:53","slug":"contactez-nous-fr","status":"publish","type":"page","link":"https:\/\/staging.santecirclehealth.com\/fr\/contactez-nous-fr\/?lang=fr","title":{"rendered":"Contactez-nous"},"content":{"rendered":"<div class=\"fusion-fullwidth fullwidth-box fusion-builder-row-1 nonhundred-percent-fullwidth non-hundred-percent-height-scrolling\" style=\"--awb-border-radius-top-left:0px;--awb-border-radius-top-right:0px;--awb-border-radius-bottom-right:0px;--awb-border-radius-bottom-left:0px;--awb-margin-top:120px;--awb-margin-bottom:60px;--awb-flex-wrap:wrap;\" ><div class=\"fusion-builder-row fusion-row\"><div class=\"fusion-layout-column fusion_builder_column fusion-builder-column-0 fusion_builder_column_1_1 1_1 fusion-one-full fusion-column-first fusion-column-last\" style=\"--awb-bg-size:cover;\"><div class=\"fusion-column-wrapper fusion-column-has-shadow fusion-flex-column-wrapper-legacy\"><div class=\"fusion-text fusion-text-1\"><h1 style=\"text-align: center;\"><span style=\"color: #0d5495;\"><\/span><\/h1>\n<h2 class=\"p1\" style=\"text-align: center;\"><strong><span class=\"s1\" style=\"color: #0d5495;\">Nous serions heureux de vous servir<\/span><\/strong><\/h2>\n<\/div><div class=\"fusion-sep-clear\"><\/div><div class=\"fusion-separator fusion-full-width-sep\" style=\"margin-left: auto;margin-right: auto;margin-top:60px;width:100%;\"><\/div><div class=\"fusion-sep-clear\"><\/div><div class=\"fusion-clearfix\"><\/div><\/div><\/div><div class=\"fusion-layout-column fusion_builder_column fusion-builder-column-1 fusion_builder_column_1_1 1_1 fusion-one-full fusion-column-first fusion-column-last\" style=\"--awb-bg-size:cover;\"><div class=\"fusion-column-wrapper fusion-column-has-shadow fusion-flex-column-wrapper-legacy\">\n<div class=\"wpcf7 no-js\" id=\"wpcf7-f2345-o1\" lang=\"en-US\" dir=\"ltr\" data-wpcf7-id=\"2345\">\n<div class=\"screen-reader-response\"><p role=\"status\" aria-live=\"polite\" aria-atomic=\"true\"><\/p> <ul><\/ul><\/div>\n<form action=\"\/fr\/wp-json\/wp\/v2\/pages\/1289\/?lang=fr#wpcf7-f2345-o1\" method=\"post\" class=\"wpcf7-form init\" aria-label=\"Contact form\" novalidate=\"novalidate\" data-status=\"init\" data-trp-original-action=\"\/fr\/wp-json\/wp\/v2\/pages\/1289\/?lang=fr#wpcf7-f2345-o1\">\n<fieldset class=\"hidden-fields-container\"><input type=\"hidden\" name=\"_wpcf7\" value=\"2345\" \/><input type=\"hidden\" name=\"_wpcf7_version\" value=\"6.1.4\" \/><input type=\"hidden\" name=\"_wpcf7_locale\" value=\"en_US\" \/><input type=\"hidden\" name=\"_wpcf7_unit_tag\" value=\"wpcf7-f2345-o1\" \/><input type=\"hidden\" name=\"_wpcf7_container_post\" value=\"0\" \/><input type=\"hidden\" name=\"_wpcf7_posted_data_hash\" value=\"\" \/><input type=\"hidden\" name=\"_wpcf7_recaptcha_response\" value=\"\" \/>\n<\/fieldset>\n<p><label> Nom, votre nom complet (required)<br \/>\n<span class=\"wpcf7-form-control-wrap\" data-name=\"your-name\"><input size=\"40\" maxlength=\"400\" class=\"wpcf7-form-control wpcf7-text wpcf7-validates-as-required\" aria-required=\"true\" aria-invalid=\"false\" value=\"\" type=\"text\" name=\"your-name\" \/><\/span> <\/label>\n<\/p>\n<p><label> Votre courriel (required)<br \/>\n<span class=\"wpcf7-form-control-wrap\" data-name=\"your-email\"><input size=\"40\" maxlength=\"400\" class=\"wpcf7-form-control wpcf7-email wpcf7-validates-as-required wpcf7-text wpcf7-validates-as-email\" aria-required=\"true\" aria-invalid=\"false\" value=\"\" type=\"email\" name=\"your-email\" \/><\/span> <\/label>\n<\/p>\n<p><label> Mati\u00e8re<br \/>\n<span class=\"wpcf7-form-control-wrap\" data-name=\"your-subject\"><input size=\"40\" maxlength=\"400\" class=\"wpcf7-form-control wpcf7-text\" aria-invalid=\"false\" value=\"\" type=\"text\" name=\"your-subject\" \/><\/span> <\/label>\n<\/p>\n<p><label> Message<br \/>\n<span class=\"wpcf7-form-control-wrap\" data-name=\"your-message\"><textarea cols=\"40\" rows=\"10\" maxlength=\"2000\" class=\"wpcf7-form-control wpcf7-textarea\" aria-invalid=\"false\" name=\"your-message\"><\/textarea><\/span> <\/label>\n<\/p>\n<p><input class=\"wpcf7-form-control wpcf7-submit has-spinner\" type=\"submit\" value=\"Envoyer\" \/>\n<\/p><div class=\"fusion-alert alert custom alert-custom fusion-alert-center wpcf7-response-output awb-alert-native-link-color alert-dismissable awb-alert-close-boxed\" style=\"--awb-border-size:1px;--awb-border-top-left-radius:0px;--awb-border-top-right-radius:0px;--awb-border-bottom-left-radius:0px;--awb-border-bottom-right-radius:0px;\" role=\"alert\"><div class=\"fusion-alert-content-wrapper\"><span class=\"fusion-alert-content\"><\/span><\/div><button type=\"button\" class=\"close toggle-alert\" data-dismiss=\"alert\" aria-label=\"Close\">&times;<\/button><\/div>\n<input type=\"hidden\" name=\"trp-form-language\" value=\"fr\"\/><\/form>\n<\/div>\n<div class=\"fusion-clearfix\"><\/div><\/div><\/div><\/div><\/div>","protected":false},"excerpt":{"rendered":"","protected":false},"author":1,"featured_media":0,"parent":0,"menu_order":0,"comment_status":"closed","ping_status":"closed","template":"100-width.php","meta":{"footnotes":""},"class_list":["post-1289","page","type-page","status-publish","hentry"],"yoast_head":"<!-- This site is optimized with the Yoast SEO Premium plugin v20.13 (Yoast SEO v26.9) - https:\/\/yoast.com\/product\/yoast-seo-premium-wordpress\/ -->\n<title>Contactez-nous - Sante Circle Health<\/title>\n<meta name=\"description\" content=\"Une entreprise en t\u00eate de la gestion d\u2019invalidit\u00e9 et de la sant\u00e9 avec plus de 20 ansd\u2019exp\u00e9rience. Contactez-nous pour des cas de travailleurs\" \/>\n<meta name=\"robots\" content=\"index, follow, max-snippet:-1, max-image-preview:large, max-video-preview:-1\" \/>\n<link rel=\"canonical\" href=\"\/fr\/https:\/\/staging.santecirclehealth.com\/fr\/contactez-nous-fr\/?lang=fr\/\" \/>\n<meta property=\"og:locale\" content=\"fr_FR\" \/>\n<meta property=\"og:type\" content=\"article\" \/>\n<meta property=\"og:title\" content=\"Contactez-nous\" \/>\n<meta property=\"og:description\" content=\"Une entreprise en t\u00eate de la gestion d\u2019invalidit\u00e9 et de la sant\u00e9 avec plus de 20 ansd\u2019exp\u00e9rience. Contactez-nous pour des cas de travailleurs\" \/>\n<meta property=\"og:url\" content=\"\/fr\/https:\/\/staging.santecirclehealth.com\/fr\/contactez-nous-fr\/?lang=fr\/\" \/>\n<meta property=\"og:site_name\" content=\"Sante Circle Health\" \/>\n<meta property=\"article:publisher\" content=\"https:\/\/www.facebook.com\/people\/Sant-Circle-Health\/100064844659711\/\" \/>\n<meta property=\"article:modified_time\" content=\"2023-07-28T16:40:53+00:00\" \/>\n<meta name=\"twitter:card\" content=\"summary_large_image\" \/>\n<meta name=\"twitter:label1\" content=\"Dur\u00e9e de lecture estim\u00e9e\" \/>\n\t<meta name=\"twitter:data1\" content=\"2 minutes\" \/>\n<script type=\"application\/ld+json\" class=\"yoast-schema-graph\">{\"@context\":\"https:\/\/schema.org\",\"@graph\":[{\"@type\":\"WebPage\",\"@id\":\"https:\/\/staging.santecirclehealth.com\/fr\/contactez-nous-fr\/?lang=fr\",\"url\":\"https:\/\/staging.santecirclehealth.com\/fr\/contactez-nous-fr\/?lang=fr\",\"name\":\"Contactez-nous - Sante Circle Health\",\"isPartOf\":{\"@id\":\"https:\/\/staging.santecirclehealth.com\/?lang=fr#website\"},\"datePublished\":\"2020-07-01T01:16:36+00:00\",\"dateModified\":\"2023-07-28T16:40:53+00:00\",\"description\":\"Une entreprise en t\u00eate de la gestion d\u2019invalidit\u00e9 et de la sant\u00e9 avec plus de 20 ansd\u2019exp\u00e9rience. Contactez-nous pour des cas de travailleurs bless\u00e9s ou malades, del\u2019assistance \u00e0 un employ\u00e9 ou \u00e0 un demandeur d\u2019indemnisation. Des professionnels dela sant\u00e9 \u00e0 votre service pour la gestion de convalescence et d\u2019absences pour causes deprobl\u00e8mes de sant\u00e9 physique ou mentale. Sant\u00e9 Circle Health offre des plateformesnum\u00e9riques pour le retour au travail, l\u2019invalidit\u00e9 \u00e0 court terme, les accidents de travail,l\u2019\u00e9valuation et les traitements suite \u00e0 un accident de la route, les accommodements, les\u00e9valuations de sant\u00e9, la gestion de cas et les r\u00e9clamations d\u2019indemnisations auxtravailleurs.For CEO Message\",\"breadcrumb\":{\"@id\":\"https:\/\/staging.santecirclehealth.com\/fr\/contactez-nous-fr\/?lang=fr#breadcrumb\"},\"inLanguage\":\"fr-FR\",\"potentialAction\":[{\"@type\":\"ReadAction\",\"target\":[\"https:\/\/staging.santecirclehealth.com\/fr\/contactez-nous-fr\/?lang=fr\"]}]},{\"@type\":\"BreadcrumbList\",\"@id\":\"https:\/\/staging.santecirclehealth.com\/fr\/contactez-nous-fr\/?lang=fr#breadcrumb\",\"itemListElement\":[{\"@type\":\"ListItem\",\"position\":1,\"name\":\"Home\",\"item\":\"https:\/\/staging.santecirclehealth.com\/?lang=fr\"},{\"@type\":\"ListItem\",\"position\":2,\"name\":\"Contactez-nous\"}]},{\"@type\":\"WebSite\",\"@id\":\"https:\/\/staging.santecirclehealth.com\/?lang=fr#website\",\"url\":\"https:\/\/staging.santecirclehealth.com\/?lang=fr\",\"name\":\"Sante Circle Health\",\"description\":\"Health Care\",\"publisher\":{\"@id\":\"https:\/\/staging.santecirclehealth.com\/?lang=fr#organization\"},\"potentialAction\":[{\"@type\":\"SearchAction\",\"target\":{\"@type\":\"EntryPoint\",\"urlTemplate\":\"https:\/\/staging.santecirclehealth.com\/?lang=fr?s={search_term_string}\"},\"query-input\":{\"@type\":\"PropertyValueSpecification\",\"valueRequired\":true,\"valueName\":\"search_term_string\"}}],\"inLanguage\":\"fr-FR\"},{\"@type\":\"Organization\",\"@id\":\"https:\/\/staging.santecirclehealth.com\/?lang=fr#organization\",\"name\":\"Sante Circle Health\",\"url\":\"https:\/\/staging.santecirclehealth.com\/?lang=fr\",\"logo\":{\"@type\":\"ImageObject\",\"inLanguage\":\"fr-FR\",\"@id\":\"https:\/\/staging.santecirclehealth.com\/?lang=fr#\/schema\/logo\/image\/\",\"url\":\"https:\/\/santecirclehealth.com\/wp-content\/uploads\/2023\/04\/Logo-long-with-circle-on-left.png\",\"contentUrl\":\"https:\/\/santecirclehealth.com\/wp-content\/uploads\/2023\/04\/Logo-long-with-circle-on-left.png\",\"width\":329,\"height\":68,\"caption\":\"Sante Circle Health\"},\"image\":{\"@id\":\"https:\/\/staging.santecirclehealth.com\/?lang=fr#\/schema\/logo\/image\/\"},\"sameAs\":[\"https:\/\/www.facebook.com\/people\/Sant-Circle-Health\/100064844659711\/\"]}]}<\/script>\n<!-- \/ Yoast SEO Premium plugin. -->","yoast_head_json":{"title":"Contactez-nous - Sante Circle Health","description":"Une entreprise en t\u00eate de la gestion d\u2019invalidit\u00e9 et de la sant\u00e9 avec plus de 20 ansd\u2019exp\u00e9rience. Contactez-nous pour des cas de travailleurs","robots":{"index":"index","follow":"follow","max-snippet":"max-snippet:-1","max-image-preview":"max-image-preview:large","max-video-preview":"max-video-preview:-1"},"canonical":"\/fr\/https:\/\/staging.santecirclehealth.com\/fr\/contactez-nous-fr\/?lang=fr\/","og_locale":"fr_FR","og_type":"article","og_title":"Contactez-nous","og_description":"Une entreprise en t\u00eate de la gestion d\u2019invalidit\u00e9 et de la sant\u00e9 avec plus de 20 ansd\u2019exp\u00e9rience. Contactez-nous pour des cas de travailleurs","og_url":"\/fr\/https:\/\/staging.santecirclehealth.com\/fr\/contactez-nous-fr\/?lang=fr\/","og_site_name":"Sante Circle Health","article_publisher":"https:\/\/www.facebook.com\/people\/Sant-Circle-Health\/100064844659711\/","article_modified_time":"2023-07-28T16:40:53+00:00","twitter_card":"summary_large_image","twitter_misc":{"Dur\u00e9e de lecture estim\u00e9e":"2 minutes"},"schema":{"@context":"https:\/\/schema.org","@graph":[{"@type":"WebPage","@id":"https:\/\/staging.santecirclehealth.com\/fr\/contactez-nous-fr\/?lang=fr","url":"https:\/\/staging.santecirclehealth.com\/fr\/contactez-nous-fr\/?lang=fr","name":"Contactez-nous - Sante Circle Health","isPartOf":{"@id":"https:\/\/staging.santecirclehealth.com\/?lang=fr#website"},"datePublished":"2020-07-01T01:16:36+00:00","dateModified":"2023-07-28T16:40:53+00:00","description":"Une entreprise en t\u00eate de la gestion d\u2019invalidit\u00e9 et de la sant\u00e9 avec plus de 20 ansd\u2019exp\u00e9rience. Contactez-nous pour des cas de travailleurs bless\u00e9s ou malades, del\u2019assistance \u00e0 un employ\u00e9 ou \u00e0 un demandeur d\u2019indemnisation. Des professionnels dela sant\u00e9 \u00e0 votre service pour la gestion de convalescence et d\u2019absences pour causes deprobl\u00e8mes de sant\u00e9 physique ou mentale. Sant\u00e9 Circle Health offre des plateformesnum\u00e9riques pour le retour au travail, l\u2019invalidit\u00e9 \u00e0 court terme, les accidents de travail,l\u2019\u00e9valuation et les traitements suite \u00e0 un accident de la route, les accommodements, les\u00e9valuations de sant\u00e9, la gestion de cas et les r\u00e9clamations d\u2019indemnisations auxtravailleurs.For CEO Message","breadcrumb":{"@id":"https:\/\/staging.santecirclehealth.com\/fr\/contactez-nous-fr\/?lang=fr#breadcrumb"},"inLanguage":"fr-FR","potentialAction":[{"@type":"ReadAction","target":["https:\/\/staging.santecirclehealth.com\/fr\/contactez-nous-fr\/?lang=fr"]}]},{"@type":"BreadcrumbList","@id":"https:\/\/staging.santecirclehealth.com\/fr\/contactez-nous-fr\/?lang=fr#breadcrumb","itemListElement":[{"@type":"ListItem","position":1,"name":"Home","item":"https:\/\/staging.santecirclehealth.com\/?lang=fr"},{"@type":"ListItem","position":2,"name":"Contactez-nous"}]},{"@type":"WebSite","@id":"https:\/\/staging.santecirclehealth.com\/?lang=fr#website","url":"https:\/\/staging.santecirclehealth.com\/?lang=fr","name":"Sante Circle Health","description":"Health Care","publisher":{"@id":"https:\/\/staging.santecirclehealth.com\/?lang=fr#organization"},"potentialAction":[{"@type":"SearchAction","target":{"@type":"EntryPoint","urlTemplate":"https:\/\/staging.santecirclehealth.com\/?lang=fr?s={search_term_string}"},"query-input":{"@type":"PropertyValueSpecification","valueRequired":true,"valueName":"search_term_string"}}],"inLanguage":"fr-FR"},{"@type":"Organization","@id":"https:\/\/staging.santecirclehealth.com\/?lang=fr#organization","name":"Sante Circle Health","url":"https:\/\/staging.santecirclehealth.com\/?lang=fr","logo":{"@type":"ImageObject","inLanguage":"fr-FR","@id":"https:\/\/staging.santecirclehealth.com\/?lang=fr#\/schema\/logo\/image\/","url":"https:\/\/santecirclehealth.com\/wp-content\/uploads\/2023\/04\/Logo-long-with-circle-on-left.png","contentUrl":"https:\/\/santecirclehealth.com\/wp-content\/uploads\/2023\/04\/Logo-long-with-circle-on-left.png","width":329,"height":68,"caption":"Sante Circle Health"},"image":{"@id":"https:\/\/staging.santecirclehealth.com\/?lang=fr#\/schema\/logo\/image\/"},"sameAs":["https:\/\/www.facebook.com\/people\/Sant-Circle-Health\/100064844659711\/"]}]}},"_links":{"self":[{"href":"https:\/\/staging.santecirclehealth.com\/fr\/wp-json\/wp\/v2\/pages\/1289","targetHints":{"allow":["GET"]}}],"collection":[{"href":"https:\/\/staging.santecirclehealth.com\/fr\/wp-json\/wp\/v2\/pages"}],"about":[{"href":"https:\/\/staging.santecirclehealth.com\/fr\/wp-json\/wp\/v2\/types\/page"}],"author":[{"embeddable":true,"href":"https:\/\/staging.santecirclehealth.com\/fr\/wp-json\/wp\/v2\/users\/1"}],"replies":[{"embeddable":true,"href":"https:\/\/staging.santecirclehealth.com\/fr\/wp-json\/wp\/v2\/comments?post=1289"}],"version-history":[{"count":0,"href":"https:\/\/staging.santecirclehealth.com\/fr\/wp-json\/wp\/v2\/pages\/1289\/revisions"}],"wp:attachment":[{"href":"https:\/\/staging.santecirclehealth.com\/fr\/wp-json\/wp\/v2\/media?parent=1289"}],"curies":[{"name":"wp","href":"https:\/\/api.w.org\/{rel}","templated":true}]}}