{"id":2125,"date":"2020-07-27T21:49:07","date_gmt":"2020-07-28T01:49:07","guid":{"rendered":"https:\/\/santecirclehealth.com\/accommodement-retour-au-travail\/"},"modified":"2023-12-13T11:53:53","modified_gmt":"2023-12-13T16:53:53","slug":"accommodement-retour-au-travail","status":"publish","type":"page","link":"https:\/\/staging.santecirclehealth.com\/fr\/accommodement-retour-au-travail\/?lang=fr","title":{"rendered":"Accommodement, retour au travail"},"content":{"rendered":"<div class=\"fusion-fullwidth fullwidth-box fusion-builder-row-1 fusion-flex-container nonhundred-percent-fullwidth non-hundred-percent-height-scrolling\" style=\"--awb-border-radius-top-left:0px;--awb-border-radius-top-right:0px;--awb-border-radius-bottom-right:0px;--awb-border-radius-bottom-left:0px;--awb-flex-wrap:wrap;\" ><div class=\"fusion-builder-row fusion-row fusion-flex-align-items-flex-start fusion-flex-content-wrap\" style=\"max-width:1248px;margin-left: calc(-4% \/ 2 );margin-right: calc(-4% \/ 2 );\"><div class=\"fusion-layout-column fusion_builder_column fusion-builder-column-0 fusion_builder_column_1_1 1_1 fusion-flex-column\" style=\"--awb-bg-size:cover;--awb-width-large:100%;--awb-margin-top-large:0px;--awb-spacing-right-large:1.92%;--awb-margin-bottom-large:20px;--awb-spacing-left-large:1.92%;--awb-width-medium:100%;--awb-order-medium:0;--awb-spacing-right-medium:1.92%;--awb-spacing-left-medium:1.92%;--awb-width-small:100%;--awb-order-small:0;--awb-spacing-right-small:1.92%;--awb-spacing-left-small:1.92%;\"><div class=\"fusion-column-wrapper fusion-column-has-shadow fusion-flex-justify-content-flex-start fusion-content-layout-column\"><div class=\"fusion-text fusion-text-1\" style=\"--awb-content-alignment:left;\"><h2 class=\"p1\"><span class=\"s1\">Accommodation, s\u00e9jour au travail et retour au travail<\/span><\/h2>\n<\/div><div class=\"fusion-separator fusion-full-width-sep\" style=\"align-self: center;margin-left: auto;margin-right: auto;margin-bottom:50px;width:100%;\"><\/div><div class=\"fusion-text fusion-text-2 fusion-text-no-margin\" style=\"--awb-content-alignment:left;--awb-margin-bottom:30px;\"><h5 class=\"p1\"><span class=\"s1\">Une personne peut avoir besoin d&#8217;une accommodation pour rester au travail ou retourner au travail, mais elle ne sait pas exactement ce dont elle a besoin ni comment le dire \u00e0 son employeur.<\/span><\/h5>\n<\/div><div class=\"fusion-text fusion-text-3 fusion-text-no-margin\" style=\"--awb-content-alignment:left;--awb-margin-bottom:30px;\"><h5 class=\"p1\"><span class=\"s1\">\u00c0 l&#8217;aide d&#8217;un mod\u00e8le fonctionnel, nous travaillerons avec l&#8217;employ\u00e9, les professionnels de la sant\u00e9 et l&#8217;employeur pour effectuer les \u00e9valuations n\u00e9cessaires afin de d\u00e9terminer un am\u00e9nagement appropri\u00e9 pour les d\u00e9ficiences physiques, cognitives, mentales et sensorielles. Un mod\u00e8le fonctionnel ax\u00e9 sur les capacit\u00e9s est utilis\u00e9 pour \u00e9tablir les exigences en mati\u00e8re d&#8217;adaptation et la mani\u00e8re dont elles peuvent \u00eatre mises en \u0153uvre sur le lieu de travail. <\/span><\/h5>\n<\/div><div class=\"fusion-text fusion-text-4\" style=\"--awb-content-alignment:left;\"><h5 class=\"p1\"><span class=\"s1\">Souvent, les gens doivent \u00eatre trait\u00e9s diff\u00e9remment pour consid\u00e9rer la personne en tant qu&#8217;individu et l&#8217;aider \u00e0 mieux accomplir ses t\u00e2ches professionnelles. \u00c9tant donn\u00e9 que les employeurs ont une Obligation d&#8217;Accommodement, nous aiderons l&#8217;employeur \u00e0 comprendre si une personne a un handicap qui doit \u00eatre raisonnablement accommod\u00e9.<\/span><\/h5>\n<\/div><\/div><\/div><\/div><\/div>","protected":false},"excerpt":{"rendered":"","protected":false},"author":1,"featured_media":0,"parent":0,"menu_order":0,"comment_status":"closed","ping_status":"closed","template":"","meta":{"footnotes":""},"class_list":["post-2125","page","type-page","status-publish","hentry"],"yoast_head":"<!-- This site is optimized with the Yoast SEO Premium plugin v20.13 (Yoast SEO v26.9) - https:\/\/yoast.com\/product\/yoast-seo-premium-wordpress\/ -->\n<title>Accommodement, retour au travail - Sante Circle Health<\/title>\n<meta name=\"description\" content=\"Accommodement, retour au travail\" \/>\n<meta name=\"robots\" content=\"index, follow, max-snippet:-1, max-image-preview:large, max-video-preview:-1\" \/>\n<link rel=\"canonical\" href=\"\/fr\/https:\/\/staging.santecirclehealth.com\/fr\/accommodement-retour-au-travail\/?lang=fr\/\" \/>\n<meta property=\"og:locale\" content=\"fr_FR\" \/>\n<meta property=\"og:type\" content=\"article\" \/>\n<meta property=\"og:title\" content=\"Accommodement, retour au travail\" \/>\n<meta property=\"og:description\" content=\"Accommodement, retour au travail\" \/>\n<meta property=\"og:url\" content=\"\/fr\/https:\/\/staging.santecirclehealth.com\/fr\/accommodement-retour-au-travail\/?lang=fr\/\" \/>\n<meta property=\"og:site_name\" content=\"Sante Circle Health\" \/>\n<meta property=\"article:publisher\" content=\"https:\/\/www.facebook.com\/people\/Sant-Circle-Health\/100064844659711\/\" \/>\n<meta property=\"article:modified_time\" content=\"2023-12-13T16:53:53+00:00\" \/>\n<meta name=\"twitter:card\" content=\"summary_large_image\" \/>\n<meta name=\"twitter:label1\" content=\"Dur\u00e9e de lecture estim\u00e9e\" \/>\n\t<meta name=\"twitter:data1\" content=\"1 minute\" \/>\n<script type=\"application\/ld+json\" class=\"yoast-schema-graph\">{\"@context\":\"https:\/\/schema.org\",\"@graph\":[{\"@type\":\"WebPage\",\"@id\":\"https:\/\/staging.santecirclehealth.com\/fr\/accommodement-retour-au-travail\/?lang=fr\",\"url\":\"https:\/\/staging.santecirclehealth.com\/fr\/accommodement-retour-au-travail\/?lang=fr\",\"name\":\"Accommodement, retour au travail - Sante Circle Health\",\"isPartOf\":{\"@id\":\"https:\/\/staging.santecirclehealth.com\/?lang=fr#website\"},\"datePublished\":\"2020-07-28T01:49:07+00:00\",\"dateModified\":\"2023-12-13T16:53:53+00:00\",\"description\":\"Accommodement, retour au travail\",\"breadcrumb\":{\"@id\":\"https:\/\/staging.santecirclehealth.com\/fr\/accommodement-retour-au-travail\/?lang=fr#breadcrumb\"},\"inLanguage\":\"fr-FR\",\"potentialAction\":[{\"@type\":\"ReadAction\",\"target\":[\"https:\/\/staging.santecirclehealth.com\/fr\/accommodement-retour-au-travail\/?lang=fr\"]}]},{\"@type\":\"BreadcrumbList\",\"@id\":\"https:\/\/staging.santecirclehealth.com\/fr\/accommodement-retour-au-travail\/?lang=fr#breadcrumb\",\"itemListElement\":[{\"@type\":\"ListItem\",\"position\":1,\"name\":\"Home\",\"item\":\"https:\/\/staging.santecirclehealth.com\/?lang=fr\"},{\"@type\":\"ListItem\",\"position\":2,\"name\":\"Accommodement, retour au travail\"}]},{\"@type\":\"WebSite\",\"@id\":\"https:\/\/staging.santecirclehealth.com\/?lang=fr#website\",\"url\":\"https:\/\/staging.santecirclehealth.com\/?lang=fr\",\"name\":\"Sante Circle Health\",\"description\":\"Health Care\",\"publisher\":{\"@id\":\"https:\/\/staging.santecirclehealth.com\/?lang=fr#organization\"},\"potentialAction\":[{\"@type\":\"SearchAction\",\"target\":{\"@type\":\"EntryPoint\",\"urlTemplate\":\"https:\/\/staging.santecirclehealth.com\/?lang=fr?s={search_term_string}\"},\"query-input\":{\"@type\":\"PropertyValueSpecification\",\"valueRequired\":true,\"valueName\":\"search_term_string\"}}],\"inLanguage\":\"fr-FR\"},{\"@type\":\"Organization\",\"@id\":\"https:\/\/staging.santecirclehealth.com\/?lang=fr#organization\",\"name\":\"Sante Circle Health\",\"url\":\"https:\/\/staging.santecirclehealth.com\/?lang=fr\",\"logo\":{\"@type\":\"ImageObject\",\"inLanguage\":\"fr-FR\",\"@id\":\"https:\/\/staging.santecirclehealth.com\/?lang=fr#\/schema\/logo\/image\/\",\"url\":\"https:\/\/santecirclehealth.com\/wp-content\/uploads\/2023\/04\/Logo-long-with-circle-on-left.png\",\"contentUrl\":\"https:\/\/santecirclehealth.com\/wp-content\/uploads\/2023\/04\/Logo-long-with-circle-on-left.png\",\"width\":329,\"height\":68,\"caption\":\"Sante Circle Health\"},\"image\":{\"@id\":\"https:\/\/staging.santecirclehealth.com\/?lang=fr#\/schema\/logo\/image\/\"},\"sameAs\":[\"https:\/\/www.facebook.com\/people\/Sant-Circle-Health\/100064844659711\/\"]}]}<\/script>\n<!-- \/ Yoast SEO Premium plugin. -->","yoast_head_json":{"title":"Accommodement, retour au travail - Sante Circle Health","description":"Accommodement, retour au travail","robots":{"index":"index","follow":"follow","max-snippet":"max-snippet:-1","max-image-preview":"max-image-preview:large","max-video-preview":"max-video-preview:-1"},"canonical":"\/fr\/https:\/\/staging.santecirclehealth.com\/fr\/accommodement-retour-au-travail\/?lang=fr\/","og_locale":"fr_FR","og_type":"article","og_title":"Accommodement, retour au travail","og_description":"Accommodement, retour au travail","og_url":"\/fr\/https:\/\/staging.santecirclehealth.com\/fr\/accommodement-retour-au-travail\/?lang=fr\/","og_site_name":"Sante Circle Health","article_publisher":"https:\/\/www.facebook.com\/people\/Sant-Circle-Health\/100064844659711\/","article_modified_time":"2023-12-13T16:53:53+00:00","twitter_card":"summary_large_image","twitter_misc":{"Dur\u00e9e de lecture estim\u00e9e":"1 minute"},"schema":{"@context":"https:\/\/schema.org","@graph":[{"@type":"WebPage","@id":"https:\/\/staging.santecirclehealth.com\/fr\/accommodement-retour-au-travail\/?lang=fr","url":"https:\/\/staging.santecirclehealth.com\/fr\/accommodement-retour-au-travail\/?lang=fr","name":"Accommodement, retour au travail - Sante Circle Health","isPartOf":{"@id":"https:\/\/staging.santecirclehealth.com\/?lang=fr#website"},"datePublished":"2020-07-28T01:49:07+00:00","dateModified":"2023-12-13T16:53:53+00:00","description":"Accommodement, retour au travail","breadcrumb":{"@id":"https:\/\/staging.santecirclehealth.com\/fr\/accommodement-retour-au-travail\/?lang=fr#breadcrumb"},"inLanguage":"fr-FR","potentialAction":[{"@type":"ReadAction","target":["https:\/\/staging.santecirclehealth.com\/fr\/accommodement-retour-au-travail\/?lang=fr"]}]},{"@type":"BreadcrumbList","@id":"https:\/\/staging.santecirclehealth.com\/fr\/accommodement-retour-au-travail\/?lang=fr#breadcrumb","itemListElement":[{"@type":"ListItem","position":1,"name":"Home","item":"https:\/\/staging.santecirclehealth.com\/?lang=fr"},{"@type":"ListItem","position":2,"name":"Accommodement, retour au travail"}]},{"@type":"WebSite","@id":"https:\/\/staging.santecirclehealth.com\/?lang=fr#website","url":"https:\/\/staging.santecirclehealth.com\/?lang=fr","name":"Sante Circle Health","description":"Health Care","publisher":{"@id":"https:\/\/staging.santecirclehealth.com\/?lang=fr#organization"},"potentialAction":[{"@type":"SearchAction","target":{"@type":"EntryPoint","urlTemplate":"https:\/\/staging.santecirclehealth.com\/?lang=fr?s={search_term_string}"},"query-input":{"@type":"PropertyValueSpecification","valueRequired":true,"valueName":"search_term_string"}}],"inLanguage":"fr-FR"},{"@type":"Organization","@id":"https:\/\/staging.santecirclehealth.com\/?lang=fr#organization","name":"Sante Circle Health","url":"https:\/\/staging.santecirclehealth.com\/?lang=fr","logo":{"@type":"ImageObject","inLanguage":"fr-FR","@id":"https:\/\/staging.santecirclehealth.com\/?lang=fr#\/schema\/logo\/image\/","url":"https:\/\/santecirclehealth.com\/wp-content\/uploads\/2023\/04\/Logo-long-with-circle-on-left.png","contentUrl":"https:\/\/santecirclehealth.com\/wp-content\/uploads\/2023\/04\/Logo-long-with-circle-on-left.png","width":329,"height":68,"caption":"Sante Circle Health"},"image":{"@id":"https:\/\/staging.santecirclehealth.com\/?lang=fr#\/schema\/logo\/image\/"},"sameAs":["https:\/\/www.facebook.com\/people\/Sant-Circle-Health\/100064844659711\/"]}]}},"_links":{"self":[{"href":"https:\/\/staging.santecirclehealth.com\/fr\/wp-json\/wp\/v2\/pages\/2125","targetHints":{"allow":["GET"]}}],"collection":[{"href":"https:\/\/staging.santecirclehealth.com\/fr\/wp-json\/wp\/v2\/pages"}],"about":[{"href":"https:\/\/staging.santecirclehealth.com\/fr\/wp-json\/wp\/v2\/types\/page"}],"author":[{"embeddable":true,"href":"https:\/\/staging.santecirclehealth.com\/fr\/wp-json\/wp\/v2\/users\/1"}],"replies":[{"embeddable":true,"href":"https:\/\/staging.santecirclehealth.com\/fr\/wp-json\/wp\/v2\/comments?post=2125"}],"version-history":[{"count":0,"href":"https:\/\/staging.santecirclehealth.com\/fr\/wp-json\/wp\/v2\/pages\/2125\/revisions"}],"wp:attachment":[{"href":"https:\/\/staging.santecirclehealth.com\/fr\/wp-json\/wp\/v2\/media?parent=2125"}],"curies":[{"name":"wp","href":"https:\/\/api.w.org\/{rel}","templated":true}]}}