{"id":2779,"date":"2022-08-07T20:03:32","date_gmt":"2022-08-08T00:03:32","guid":{"rendered":"https:\/\/santecirclehealth.com\/?page_id=2779"},"modified":"2023-12-13T12:29:14","modified_gmt":"2023-12-13T17:29:14","slug":"gestion-de-linvalidite","status":"publish","type":"page","link":"https:\/\/staging.santecirclehealth.com\/fr\/gestion-de-linvalidite\/?lang=fr","title":{"rendered":"Gestion de l\u2019invalidit\u00e9"},"content":{"rendered":"<div class=\"fusion-fullwidth fullwidth-box fusion-builder-row-1 fusion-flex-container nonhundred-percent-fullwidth non-hundred-percent-height-scrolling\" style=\"--awb-border-radius-top-left:0px;--awb-border-radius-top-right:0px;--awb-border-radius-bottom-right:0px;--awb-border-radius-bottom-left:0px;--awb-flex-wrap:wrap;\" ><div class=\"fusion-builder-row fusion-row fusion-flex-align-items-flex-start fusion-flex-content-wrap\" style=\"max-width:1248px;margin-left: calc(-4% \/ 2 );margin-right: calc(-4% \/ 2 );\"><div class=\"fusion-layout-column fusion_builder_column fusion-builder-column-0 fusion_builder_column_1_1 1_1 fusion-flex-column\" style=\"--awb-bg-size:cover;--awb-width-large:100%;--awb-margin-top-large:0px;--awb-spacing-right-large:1.92%;--awb-margin-bottom-large:20px;--awb-spacing-left-large:1.92%;--awb-width-medium:100%;--awb-order-medium:0;--awb-spacing-right-medium:1.92%;--awb-spacing-left-medium:1.92%;--awb-width-small:100%;--awb-order-small:0;--awb-spacing-right-small:1.92%;--awb-spacing-left-small:1.92%;\"><div class=\"fusion-column-wrapper fusion-column-has-shadow fusion-flex-justify-content-flex-start fusion-content-layout-column\"><div class=\"fusion-text fusion-text-1\" style=\"--awb-content-alignment:left;\"><div class=\"fusion-text fusion-text-2\">\n<h2 class=\"p1\"><span class=\"s1\">Gestion de l\u2019invalidit\u00e9<\/span><\/h2>\n<\/div>\n<\/div><div class=\"fusion-separator fusion-full-width-sep\" style=\"align-self: center;margin-left: auto;margin-right: auto;margin-top:50px;margin-bottom:50px;width:100%;\"><\/div><div class=\"fusion-text fusion-text-2 fusion-text-no-margin\" style=\"--awb-content-alignment:left;--awb-margin-bottom:30px;\"><h5><span class=\"s1\">En utilisant une approche fonctionnelle et biopsychosociale, nous fournissons des services de gestion de l\u2019invalidit\u00e9 sur place et \u00e0 distance pour offrir le continuum de soins aux employeurs et \u00e0 leurs employ\u00e9s. Ces services sont disponibles pour tout probl\u00e8me de sant\u00e9, quelle qu\u2019en soit la cause.<\/span><\/h5>\n<h5 class=\"p1\"><\/h5>\n<\/div><div class=\"fusion-text fusion-text-3 fusion-text-no-margin\" style=\"--awb-content-alignment:left;--awb-margin-bottom:30px;\"><h5><span class=\"s1\">Notre \u00e9quipe de gestion de l\u2019invalidit\u00e9 comprend l\u2019importance de la culture du milieu de travail, des exigences du travail et de l\u2019identification des obstacles tout au long du continuum de r\u00e9tablissement et de retour au travail.<\/span><\/h5>\n<\/div><div class=\"fusion-text fusion-text-4 fusion-text-no-margin\" style=\"--awb-content-alignment:left;--awb-margin-bottom:30px;\"><h5 class=\"p1\"><span class=\"s1\">Ces gestionnaires d\u2019invalidit\u00e9 sont charg\u00e9s de s\u2019assurer que tous les membres de l\u2019\u00e9quipe de l\u2019employ\u00e9 (p. professionnels de la sant\u00e9, employeurs, employ\u00e9s et facilitateur de retour au travail) collaborent pour obtenir des soins centr\u00e9s sur le patient, la qualit\u00e9 des services et l\u2019identification des obstacles. Ce processus garantira la mise en place d\u2019un processus de retour au travail\/de maintien au travail s\u00fbr, confiant et efficace. Nous adaptons continuellement nos mod\u00e8les pour int\u00e9grer ces pratiques dans un processus normalis\u00e9 efficace afin de faciliter l\u2019am\u00e9lioration de la fonction, de l\u2019ad\u00e9quation au poste et du retour au travail.<\/span><\/h5>\n<\/div><div class=\"fusion-text fusion-text-5\" style=\"--awb-content-alignment:left;\"><h5 class=\"p1\"><span class=\"s1\">Ces gestionnaires d\u2019invalidit\u00e9 sont charg\u00e9s de s\u2019assurer que tous les membres de l\u2019\u00e9quipe de l\u2019employ\u00e9 (p. professionnels de la sant\u00e9, employeurs, employ\u00e9s et facilitateur de retour au travail) collaborent pour obtenir des soins centr\u00e9s sur le patient, la qualit\u00e9 des services et l\u2019identification des obstacles. Ce processus garantira la mise en place d\u2019un processus de retour au travail\/de maintien au travail s\u00fbr, confiant et efficace. Nous adaptons continuellement nos mod\u00e8les pour int\u00e9grer ces pratiques dans un processus normalis\u00e9 efficace afin de faciliter l\u2019am\u00e9lioration de la fonction, de l\u2019ad\u00e9quation au poste et du retour au travail.<\/span><\/h5>\n<\/div><div class=\"fusion-separator fusion-full-width-sep\" style=\"align-self: center;margin-left: auto;margin-right: auto;margin-top:0px;margin-bottom:30px;width:100%;\"><\/div><\/div><\/div><\/div><\/div>","protected":false},"excerpt":{"rendered":"","protected":false},"author":1,"featured_media":0,"parent":0,"menu_order":0,"comment_status":"closed","ping_status":"closed","template":"","meta":{"footnotes":""},"class_list":["post-2779","page","type-page","status-publish","hentry"],"yoast_head":"<!-- This site is optimized with the Yoast SEO Premium plugin v20.13 (Yoast SEO v26.9) - https:\/\/yoast.com\/product\/yoast-seo-premium-wordpress\/ -->\n<title>Gestion de l\u2019invalidit\u00e9 - Sante Circle Health<\/title>\n<meta name=\"robots\" content=\"index, follow, max-snippet:-1, max-image-preview:large, max-video-preview:-1\" \/>\n<link rel=\"canonical\" href=\"\/fr\/https:\/\/staging.santecirclehealth.com\/fr\/gestion-de-linvalidite\/?lang=fr\/\" \/>\n<meta property=\"og:locale\" content=\"fr_FR\" \/>\n<meta property=\"og:type\" content=\"article\" \/>\n<meta property=\"og:title\" content=\"Gestion de l\u2019invalidit\u00e9\" \/>\n<meta property=\"og:url\" content=\"\/fr\/https:\/\/staging.santecirclehealth.com\/fr\/gestion-de-linvalidite\/?lang=fr\/\" \/>\n<meta property=\"og:site_name\" content=\"Sante Circle Health\" \/>\n<meta property=\"article:publisher\" content=\"https:\/\/www.facebook.com\/people\/Sant-Circle-Health\/100064844659711\/\" \/>\n<meta property=\"article:modified_time\" content=\"2023-12-13T17:29:14+00:00\" \/>\n<meta name=\"twitter:card\" content=\"summary_large_image\" \/>\n<meta name=\"twitter:label1\" content=\"Dur\u00e9e de lecture estim\u00e9e\" \/>\n\t<meta name=\"twitter:data1\" content=\"2 minutes\" \/>\n<script type=\"application\/ld+json\" class=\"yoast-schema-graph\">{\"@context\":\"https:\/\/schema.org\",\"@graph\":[{\"@type\":\"WebPage\",\"@id\":\"https:\/\/staging.santecirclehealth.com\/fr\/gestion-de-linvalidite\/?lang=fr\",\"url\":\"https:\/\/staging.santecirclehealth.com\/fr\/gestion-de-linvalidite\/?lang=fr\",\"name\":\"Gestion de l\u2019invalidit\u00e9 - Sante Circle Health\",\"isPartOf\":{\"@id\":\"https:\/\/staging.santecirclehealth.com\/?lang=fr#website\"},\"datePublished\":\"2022-08-08T00:03:32+00:00\",\"dateModified\":\"2023-12-13T17:29:14+00:00\",\"breadcrumb\":{\"@id\":\"https:\/\/staging.santecirclehealth.com\/fr\/gestion-de-linvalidite\/?lang=fr#breadcrumb\"},\"inLanguage\":\"fr-FR\",\"potentialAction\":[{\"@type\":\"ReadAction\",\"target\":[\"https:\/\/staging.santecirclehealth.com\/fr\/gestion-de-linvalidite\/?lang=fr\"]}]},{\"@type\":\"BreadcrumbList\",\"@id\":\"https:\/\/staging.santecirclehealth.com\/fr\/gestion-de-linvalidite\/?lang=fr#breadcrumb\",\"itemListElement\":[{\"@type\":\"ListItem\",\"position\":1,\"name\":\"Home\",\"item\":\"https:\/\/staging.santecirclehealth.com\/?lang=fr\"},{\"@type\":\"ListItem\",\"position\":2,\"name\":\"Gestion de l\u2019invalidit\u00e9\"}]},{\"@type\":\"WebSite\",\"@id\":\"https:\/\/staging.santecirclehealth.com\/?lang=fr#website\",\"url\":\"https:\/\/staging.santecirclehealth.com\/?lang=fr\",\"name\":\"Sante Circle Health\",\"description\":\"Health Care\",\"publisher\":{\"@id\":\"https:\/\/staging.santecirclehealth.com\/?lang=fr#organization\"},\"potentialAction\":[{\"@type\":\"SearchAction\",\"target\":{\"@type\":\"EntryPoint\",\"urlTemplate\":\"https:\/\/staging.santecirclehealth.com\/?lang=fr?s={search_term_string}\"},\"query-input\":{\"@type\":\"PropertyValueSpecification\",\"valueRequired\":true,\"valueName\":\"search_term_string\"}}],\"inLanguage\":\"fr-FR\"},{\"@type\":\"Organization\",\"@id\":\"https:\/\/staging.santecirclehealth.com\/?lang=fr#organization\",\"name\":\"Sante Circle Health\",\"url\":\"https:\/\/staging.santecirclehealth.com\/?lang=fr\",\"logo\":{\"@type\":\"ImageObject\",\"inLanguage\":\"fr-FR\",\"@id\":\"https:\/\/staging.santecirclehealth.com\/?lang=fr#\/schema\/logo\/image\/\",\"url\":\"https:\/\/santecirclehealth.com\/wp-content\/uploads\/2023\/04\/Logo-long-with-circle-on-left.png\",\"contentUrl\":\"https:\/\/santecirclehealth.com\/wp-content\/uploads\/2023\/04\/Logo-long-with-circle-on-left.png\",\"width\":329,\"height\":68,\"caption\":\"Sante Circle Health\"},\"image\":{\"@id\":\"https:\/\/staging.santecirclehealth.com\/?lang=fr#\/schema\/logo\/image\/\"},\"sameAs\":[\"https:\/\/www.facebook.com\/people\/Sant-Circle-Health\/100064844659711\/\"]}]}<\/script>\n<!-- \/ Yoast SEO Premium plugin. -->","yoast_head_json":{"title":"Gestion de l\u2019invalidit\u00e9 - Sante Circle Health","robots":{"index":"index","follow":"follow","max-snippet":"max-snippet:-1","max-image-preview":"max-image-preview:large","max-video-preview":"max-video-preview:-1"},"canonical":"\/fr\/https:\/\/staging.santecirclehealth.com\/fr\/gestion-de-linvalidite\/?lang=fr\/","og_locale":"fr_FR","og_type":"article","og_title":"Gestion de l\u2019invalidit\u00e9","og_url":"\/fr\/https:\/\/staging.santecirclehealth.com\/fr\/gestion-de-linvalidite\/?lang=fr\/","og_site_name":"Sante Circle Health","article_publisher":"https:\/\/www.facebook.com\/people\/Sant-Circle-Health\/100064844659711\/","article_modified_time":"2023-12-13T17:29:14+00:00","twitter_card":"summary_large_image","twitter_misc":{"Dur\u00e9e de lecture estim\u00e9e":"2 minutes"},"schema":{"@context":"https:\/\/schema.org","@graph":[{"@type":"WebPage","@id":"https:\/\/staging.santecirclehealth.com\/fr\/gestion-de-linvalidite\/?lang=fr","url":"https:\/\/staging.santecirclehealth.com\/fr\/gestion-de-linvalidite\/?lang=fr","name":"Gestion de l\u2019invalidit\u00e9 - Sante Circle Health","isPartOf":{"@id":"https:\/\/staging.santecirclehealth.com\/?lang=fr#website"},"datePublished":"2022-08-08T00:03:32+00:00","dateModified":"2023-12-13T17:29:14+00:00","breadcrumb":{"@id":"https:\/\/staging.santecirclehealth.com\/fr\/gestion-de-linvalidite\/?lang=fr#breadcrumb"},"inLanguage":"fr-FR","potentialAction":[{"@type":"ReadAction","target":["https:\/\/staging.santecirclehealth.com\/fr\/gestion-de-linvalidite\/?lang=fr"]}]},{"@type":"BreadcrumbList","@id":"https:\/\/staging.santecirclehealth.com\/fr\/gestion-de-linvalidite\/?lang=fr#breadcrumb","itemListElement":[{"@type":"ListItem","position":1,"name":"Home","item":"https:\/\/staging.santecirclehealth.com\/?lang=fr"},{"@type":"ListItem","position":2,"name":"Gestion de l\u2019invalidit\u00e9"}]},{"@type":"WebSite","@id":"https:\/\/staging.santecirclehealth.com\/?lang=fr#website","url":"https:\/\/staging.santecirclehealth.com\/?lang=fr","name":"Sante Circle Health","description":"Health Care","publisher":{"@id":"https:\/\/staging.santecirclehealth.com\/?lang=fr#organization"},"potentialAction":[{"@type":"SearchAction","target":{"@type":"EntryPoint","urlTemplate":"https:\/\/staging.santecirclehealth.com\/?lang=fr?s={search_term_string}"},"query-input":{"@type":"PropertyValueSpecification","valueRequired":true,"valueName":"search_term_string"}}],"inLanguage":"fr-FR"},{"@type":"Organization","@id":"https:\/\/staging.santecirclehealth.com\/?lang=fr#organization","name":"Sante Circle Health","url":"https:\/\/staging.santecirclehealth.com\/?lang=fr","logo":{"@type":"ImageObject","inLanguage":"fr-FR","@id":"https:\/\/staging.santecirclehealth.com\/?lang=fr#\/schema\/logo\/image\/","url":"https:\/\/santecirclehealth.com\/wp-content\/uploads\/2023\/04\/Logo-long-with-circle-on-left.png","contentUrl":"https:\/\/santecirclehealth.com\/wp-content\/uploads\/2023\/04\/Logo-long-with-circle-on-left.png","width":329,"height":68,"caption":"Sante Circle Health"},"image":{"@id":"https:\/\/staging.santecirclehealth.com\/?lang=fr#\/schema\/logo\/image\/"},"sameAs":["https:\/\/www.facebook.com\/people\/Sant-Circle-Health\/100064844659711\/"]}]}},"_links":{"self":[{"href":"https:\/\/staging.santecirclehealth.com\/fr\/wp-json\/wp\/v2\/pages\/2779","targetHints":{"allow":["GET"]}}],"collection":[{"href":"https:\/\/staging.santecirclehealth.com\/fr\/wp-json\/wp\/v2\/pages"}],"about":[{"href":"https:\/\/staging.santecirclehealth.com\/fr\/wp-json\/wp\/v2\/types\/page"}],"author":[{"embeddable":true,"href":"https:\/\/staging.santecirclehealth.com\/fr\/wp-json\/wp\/v2\/users\/1"}],"replies":[{"embeddable":true,"href":"https:\/\/staging.santecirclehealth.com\/fr\/wp-json\/wp\/v2\/comments?post=2779"}],"version-history":[{"count":0,"href":"https:\/\/staging.santecirclehealth.com\/fr\/wp-json\/wp\/v2\/pages\/2779\/revisions"}],"wp:attachment":[{"href":"https:\/\/staging.santecirclehealth.com\/fr\/wp-json\/wp\/v2\/media?parent=2779"}],"curies":[{"name":"wp","href":"https:\/\/api.w.org\/{rel}","templated":true}]}}