{"id":9380,"date":"2024-08-14T21:01:07","date_gmt":"2024-08-15T01:01:07","guid":{"rendered":"https:\/\/santecirclehealth.com\/?page_id=9380"},"modified":"2025-06-26T08:22:06","modified_gmt":"2025-06-26T12:22:06","slug":"politique-de-securite","status":"publish","type":"page","link":"https:\/\/staging.santecirclehealth.com\/fr\/politique-de-securite\/","title":{"rendered":"Politique de s\u00e9curit\u00e9"},"content":{"rendered":"<div class=\"fusion-fullwidth fullwidth-box fusion-builder-row-1 fusion-flex-container has-pattern-background has-mask-background nonhundred-percent-fullwidth non-hundred-percent-height-scrolling\" style=\"--awb-border-radius-top-left:0px;--awb-border-radius-top-right:0px;--awb-border-radius-bottom-right:0px;--awb-border-radius-bottom-left:0px;--awb-flex-wrap:wrap;\" ><div class=\"fusion-builder-row fusion-row fusion-flex-align-items-flex-start fusion-flex-content-wrap\" style=\"max-width:1248px;margin-left: calc(-4% \/ 2 );margin-right: calc(-4% \/ 2 );\"><div class=\"fusion-layout-column fusion_builder_column fusion-builder-column-0 fusion_builder_column_1_1 1_1 fusion-flex-column\" style=\"--awb-bg-size:cover;--awb-width-large:100%;--awb-margin-top-large:0px;--awb-spacing-right-large:1.92%;--awb-margin-bottom-large:20px;--awb-spacing-left-large:1.92%;--awb-width-medium:100%;--awb-order-medium:0;--awb-spacing-right-medium:1.92%;--awb-spacing-left-medium:1.92%;--awb-width-small:100%;--awb-order-small:0;--awb-spacing-right-small:1.92%;--awb-spacing-left-small:1.92%;\"><div class=\"fusion-column-wrapper fusion-column-has-shadow fusion-flex-justify-content-flex-start fusion-content-layout-column\"><div class=\"fusion-text fusion-text-1 fusion-text-no-margin\" style=\"--awb-margin-bottom:30px;\"><p style=\"color: var(--awb-custom_color_11);\">Derni\u00e8re mise \u00e0 jour le 1 mars 2025<\/p>\n<h5 role=\"heading\" data-uw-rm-heading=\"level\" aria-level=\"4\"><span style=\"font-size: 22px; line-height: 28px;\" data-fusion-font=\"true\">Politique de s\u00e9curit\u00e9<\/span><\/h5>\n<p><span style=\"color: var(--h2_typography-color); font-family: var(--h2_typography-font-family); font-size: var(--h2_typography-font-size); font-style: var(--h2_typography-font-style,normal); font-weight: var(--h2_typography-font-weight); letter-spacing: var(--h2_typography-letter-spacing); text-transform: var(--h2_typography-text-transform); text-align: var(--awb-content-alignment); background-color: var(--awb-bg-color-hover);\">Application de la pr\u00e9sente d\u00e9claration de s\u00e9curit\u00e9<\/span><\/p>\n<\/div><div class=\"fusion-text fusion-text-2 fusion-text-no-margin\" style=\"--awb-margin-bottom:50px;\"><h5>Nous vous remercions d&#8217;avoir visit\u00e9 le site Web de Sant\u00e9 Circle Health (\u00ab SCH \u00bb) (le \u00ab site Web \u00bb). La pr\u00e9sente d\u00e9claration de s\u00e9curit\u00e9 d\u00e9crit la politique et les pratiques de SCH en mati\u00e8re de s\u00e9curit\u00e9.<\/h5>\n<p><span class=\"data-uw-rm-autofix-hide\" style=\"color: #ffffff !important; background: #000000 !important; clip: rect(1px, 1px, 1px, 1px) !important; clip-path: inset(50%) !important; height: 1px !important; width: 1px !important; margin: -1px !important; overflow: hidden !important; padding: 0px !important; position: absolute !important; line-height: 25px;\" data-uw-rm-ignore=\"\" data-fusion-font=\"true\">Empty heading<\/span><\/p>\n<ul>\n<li><span style=\"line-height: 25px; color: var(--awb-custom_color_11);\" data-fusion-font=\"true\"><b>L&#8217;acc\u00e8s doit \u00eatre limit\u00e9 aux seules personnes ayant un v\u00e9ritable besoin professionnel, et les autorisations doivent \u00eatre accord\u00e9es selon le principe du niveau minimum d&#8217;acc\u00e8s n\u00e9cessaire.<\/b><\/span><\/li>\n<\/ul>\n<ul>\n<li><span style=\"line-height: 25px; color: var(--awb-custom_color_11);\" data-fusion-font=\"true\"><b>Les contr\u00f4les de s\u00e9curit\u00e9 doivent \u00eatre mis en \u0153uvre et structur\u00e9s en plusieurs couches, selon le principe de la d\u00e9fense en profondeur.<\/b><\/span><\/li>\n<\/ul>\n<ul>\n<li><span style=\"line-height: 25px; color: var(--awb-custom_color_11);\" data-fusion-font=\"true\"><b>Les contr\u00f4les de s\u00e9curit\u00e9 doivent \u00eatre mis en \u0153uvre de mani\u00e8re uniforme dans toutes les parties de l&#8217;organisation.<\/b><\/span><\/li>\n<\/ul>\n<ul>\n<li><span style=\"line-height: 25px; color: var(--awb-custom_color_11);\" data-fusion-font=\"true\"><b>La mise en \u0153uvre des contr\u00f4les de s\u00e9curit\u00e9 doit \u00eatre un processus it\u00e9ratif, \u00e9voluant en permanence pour am\u00e9liorer l&#8217;efficacit\u00e9, accro\u00eetre l&#8217;auditabilit\u00e9 et r\u00e9duire les frictions.<\/b><\/span><\/li>\n<\/ul>\n<p style=\"line-height: 25px; color: var(--awb-custom_color_11);\" data-fusion-font=\"true\"><b>Les \u00e9quipes charg\u00e9es de la s\u00e9curit\u00e9 et de la protection de la vie priv\u00e9e au sein de Sant\u00e9 Circle Health \u00e9tablissent des politiques et des contr\u00f4les, supervisent le respect de ces contr\u00f4les et valident la s\u00e9curit\u00e9 et la conformit\u00e9 de l&#8217;entreprise avec des v\u00e9rificateurs externes.<\/b><\/p>\n<p style=\"line-height: 25px; color: var(--awb-custom_color_11);\" data-fusion-font=\"true\"><b>Nos politiques reposent sur les principes fondamentaux suivants :<\/b><\/p>\n<\/div><div class=\"fusion-text fusion-text-3 fusion-text-no-margin\"><p style=\"text-align: justify;\"><span style=\"font-family: var(--awb-text-font-family); font-size: 22px; font-style: var(--awb-text-font-style); letter-spacing: var(--awb-letter-spacing); text-align: var(--awb-content-alignment); text-transform: var(--awb-text-transform); background-color: var(--awb-bg-color-hover); line-height: 28px; color: var(--awb-custom_color_11);\" data-fusion-font=\"true\"><b>Protection des donn\u00e9es<\/b><\/span><\/p>\n<\/div><div class=\"fusion-text fusion-text-4 fusion-text-no-margin\" style=\"--awb-margin-top:20px;--awb-margin-bottom:30px;\"><p style=\"line-height: 24px; color: #0e5496; font-size: 18px;\" data-fusion-font=\"true\"><b>Les syst\u00e8mes de Sant\u00e9 Circle Health sont h\u00e9berg\u00e9s au Canada sur Amazon Web Services et Microsoft Azure, les principaux fournisseurs mondiaux d&#8217;infrastructure de nuage public. AWS et Microsoft re\u00e7oivent r\u00e9guli\u00e8rement la validation d&#8217;une tierce partie pour de nombreuses normes de conformit\u00e9 internationales, y compris PCI-DSS, HIPAA, HITECH, ISO 27001, et les cadres SOC1, 2 et 3.<\/b><\/p>\n<\/div><div class=\"fusion-text fusion-text-5 fusion-text-no-margin\"><h5 style=\"text-align: justify;\"><span style=\"color: var(--awb-text-color); font-family: var(--awb-text-font-family); font-size: 22px; font-style: var(--awb-text-font-style); font-weight: var(--awb-text-font-weight); letter-spacing: var(--awb-letter-spacing); text-align: var(--awb-content-alignment); text-transform: var(--awb-text-transform); background-color: var(--awb-bg-color-hover); line-height: 28px;\" data-fusion-font=\"true\">Cryptage des donn\u00e9es<\/span><\/h5>\n<\/div><div class=\"fusion-text fusion-text-6 fusion-text-no-margin\" style=\"--awb-margin-top:20px;--awb-margin-bottom:30px;\"><p style=\"font-size: 18px; line-height: 26px;\"><span style=\"line-height: 24px; color: var(--awb-custom_color_11);\" data-fusion-font=\"true\"><b>Nos syst\u00e8mes utilisent un cryptage AES 256 bits pour prot\u00e9ger les donn\u00e9es stock\u00e9es au repos. Le trafic r\u00e9seau entre le navigateur, les applications et nos serveurs est crypt\u00e9 avec au moins TLS 1.2. <\/b><\/span><\/p>\n<\/div><div class=\"fusion-text fusion-text-7 fusion-text-no-margin\"><h5 style=\"text-align: justify;\"><span style=\"font-size: 22px; line-height: 28px;\" data-fusion-font=\"true\">Tests de s\u00e9curit\u00e9 et qualit\u00e9<\/span><\/h5>\n<\/div><div class=\"fusion-text fusion-text-8 fusion-text-no-margin\" style=\"--awb-margin-top:20px;--awb-margin-bottom:30px;\"><p style=\"font-size: 18px; line-height: 24px; color: var(--awb-custom_color_11);\"><b>Nos \u00e9co-syst\u00e8mes technologiques sont r\u00e9guli\u00e8rement analys\u00e9s pour d\u00e9tecter les failles de s\u00e9curit\u00e9. Nous examinons et traitons les \u00e9v\u00e9nements de s\u00e9curit\u00e9 signal\u00e9s par des parties internes et externes. Si vous pensez avoir d\u00e9couvert un probl\u00e8me de s\u00e9curit\u00e9, veuillez vous r\u00e9f\u00e9rer \u00e0 nos coordonn\u00e9es ci-dessous.<\/b><\/p>\n<\/div><div class=\"fusion-text fusion-text-9 fusion-text-no-margin\"><p style=\"text-align: justify;\"><span style=\"font-family: var(--awb-text-font-family); font-size: 22px; font-style: var(--awb-text-font-style); font-weight: var(--awb-text-font-weight); letter-spacing: var(--awb-letter-spacing); text-align: var(--awb-content-alignment); text-transform: var(--awb-text-transform); background-color: var(--awb-bg-color-hover); line-height: 28px; color: var(--awb-custom_color_11);\" data-fusion-font=\"true\">Responsable de la s\u00e9curit\u00e9<\/span><\/p>\n<\/div><div class=\"fusion-text fusion-text-10 fusion-text-no-margin\" style=\"--awb-margin-top:20px;--awb-margin-bottom:30px;\"><p style=\"font-size: 18px; line-height: 24px; color: var(--awb-custom_color_11);\"><b>Tous les commentaires, questions ou pr\u00e9occupations concernant la s\u00e9curit\u00e9 des SCH doivent \u00eatre transmis \u00e0 notre responsable de la s\u00e9curit\u00e9 comme suit :<\/b><\/p>\n<\/div><div class=\"fusion-text fusion-text-11 fusion-text-no-margin\" style=\"--awb-margin-top:20px;--awb-margin-bottom:30px;\"><h5 style=\"line-height: 28px; color: var(--awb-custom_color_11); font-size: 22px;\" data-fusion-font=\"true\">Sant\u00e9 Circle Health: <span style=\"font-size: 18px; line-height: 24px;\" data-fusion-font=\"true\">4711 Yonge Street, 10th Floor, Toronto, Ontario, M2N 6K8<\/span><\/h5>\n<h5><span style=\"color: var(--awb-custom_color_11);\"><span style=\"font-size: 22px; line-height: 28px;\" data-fusion-font=\"true\"><span style=\"line-height: 26px;\" data-fusion-font=\"true\">Attention:<\/span> <\/span><span style=\"font-size: 18px; line-height: 24px;\" data-fusion-font=\"true\">Security Officer<\/span><\/span><\/h5>\n<p><span style=\"color: var(--awb-custom_color_11); font-family: var(--h5_typography-font-family); font-style: var(--h5_typography-font-style,normal); font-weight: var(--h5_typography-font-weight); letter-spacing: var(--h5_typography-letter-spacing); text-transform: var(--h5_typography-text-transform); text-align: var(--awb-content-alignment); background-color: var(--awb-bg-color-hover); font-size: 22px; line-height: 26px;\" data-fusion-font=\"true\">E-mail: <\/span><span style=\"color: var(--awb-custom_color_11); font-family: var(--h5_typography-font-family); font-style: var(--h5_typography-font-style,normal); font-weight: var(--h5_typography-font-weight); letter-spacing: var(--h5_typography-letter-spacing); text-transform: var(--h5_typography-text-transform); text-align: var(--awb-content-alignment); background-color: var(--awb-bg-color-hover); font-size: 18px; line-height: 24px;\" data-fusion-font=\"true\">security@santecirclehealth.com<\/span><\/p>\n<\/div><\/div><\/div><\/div><\/div>","protected":false},"excerpt":{"rendered":"","protected":false},"author":9,"featured_media":0,"parent":0,"menu_order":0,"comment_status":"closed","ping_status":"closed","template":"","meta":{"footnotes":""},"class_list":["post-9380","page","type-page","status-publish","hentry"],"yoast_head":"<!-- This site is optimized with the Yoast SEO Premium plugin v20.13 (Yoast SEO v26.9) - https:\/\/yoast.com\/product\/yoast-seo-premium-wordpress\/ -->\n<title>Politique de s\u00e9curit\u00e9 - Sante Circle Health<\/title>\n<meta name=\"robots\" content=\"index, follow, max-snippet:-1, max-image-preview:large, max-video-preview:-1\" \/>\n<link rel=\"canonical\" href=\"\/fr\/https:\/\/staging.santecirclehealth.com\/fr\/politique-de-securite\/\/\" \/>\n<meta property=\"og:locale\" content=\"en_US\" \/>\n<meta property=\"og:type\" content=\"article\" \/>\n<meta property=\"og:title\" content=\"Politique de s\u00e9curit\u00e9\" \/>\n<meta property=\"og:url\" content=\"\/fr\/https:\/\/staging.santecirclehealth.com\/fr\/politique-de-securite\/\/\" \/>\n<meta property=\"og:site_name\" content=\"Sante Circle Health\" \/>\n<meta property=\"article:publisher\" content=\"https:\/\/www.facebook.com\/people\/Sant-Circle-Health\/100064844659711\/\" \/>\n<meta property=\"article:modified_time\" content=\"2025-06-26T12:22:06+00:00\" \/>\n<meta name=\"twitter:card\" content=\"summary_large_image\" \/>\n<meta name=\"twitter:label1\" content=\"Est. reading time\" \/>\n\t<meta name=\"twitter:data1\" content=\"2 minutes\" \/>\n<script type=\"application\/ld+json\" class=\"yoast-schema-graph\">{\"@context\":\"https:\/\/schema.org\",\"@graph\":[{\"@type\":\"WebPage\",\"@id\":\"https:\/\/staging.santecirclehealth.com\/fr\/politique-de-securite\/\",\"url\":\"https:\/\/staging.santecirclehealth.com\/fr\/politique-de-securite\/\",\"name\":\"Politique de s\u00e9curit\u00e9 - Sante Circle Health\",\"isPartOf\":{\"@id\":\"https:\/\/staging.santecirclehealth.com\/#website\"},\"datePublished\":\"2024-08-15T01:01:07+00:00\",\"dateModified\":\"2025-06-26T12:22:06+00:00\",\"breadcrumb\":{\"@id\":\"https:\/\/staging.santecirclehealth.com\/fr\/politique-de-securite\/#breadcrumb\"},\"inLanguage\":\"en-US\",\"potentialAction\":[{\"@type\":\"ReadAction\",\"target\":[\"https:\/\/staging.santecirclehealth.com\/fr\/politique-de-securite\/\"]}]},{\"@type\":\"BreadcrumbList\",\"@id\":\"https:\/\/staging.santecirclehealth.com\/fr\/politique-de-securite\/#breadcrumb\",\"itemListElement\":[{\"@type\":\"ListItem\",\"position\":1,\"name\":\"Home\",\"item\":\"https:\/\/staging.santecirclehealth.com\/\"},{\"@type\":\"ListItem\",\"position\":2,\"name\":\"Politique de s\u00e9curit\u00e9\"}]},{\"@type\":\"WebSite\",\"@id\":\"https:\/\/staging.santecirclehealth.com\/#website\",\"url\":\"https:\/\/staging.santecirclehealth.com\/\",\"name\":\"Sante Circle Health\",\"description\":\"Health Care\",\"publisher\":{\"@id\":\"https:\/\/staging.santecirclehealth.com\/#organization\"},\"potentialAction\":[{\"@type\":\"SearchAction\",\"target\":{\"@type\":\"EntryPoint\",\"urlTemplate\":\"https:\/\/staging.santecirclehealth.com\/?s={search_term_string}\"},\"query-input\":{\"@type\":\"PropertyValueSpecification\",\"valueRequired\":true,\"valueName\":\"search_term_string\"}}],\"inLanguage\":\"en-US\"},{\"@type\":\"Organization\",\"@id\":\"https:\/\/staging.santecirclehealth.com\/#organization\",\"name\":\"Sante Circle Health\",\"url\":\"https:\/\/staging.santecirclehealth.com\/\",\"logo\":{\"@type\":\"ImageObject\",\"inLanguage\":\"en-US\",\"@id\":\"https:\/\/staging.santecirclehealth.com\/#\/schema\/logo\/image\/\",\"url\":\"https:\/\/santecirclehealth.com\/wp-content\/uploads\/2023\/04\/Logo-long-with-circle-on-left.png\",\"contentUrl\":\"https:\/\/santecirclehealth.com\/wp-content\/uploads\/2023\/04\/Logo-long-with-circle-on-left.png\",\"width\":329,\"height\":68,\"caption\":\"Sante Circle Health\"},\"image\":{\"@id\":\"https:\/\/staging.santecirclehealth.com\/#\/schema\/logo\/image\/\"},\"sameAs\":[\"https:\/\/www.facebook.com\/people\/Sant-Circle-Health\/100064844659711\/\"]}]}<\/script>\n<!-- \/ Yoast SEO Premium plugin. -->","yoast_head_json":{"title":"Politique de s\u00e9curit\u00e9 - Sante Circle Health","robots":{"index":"index","follow":"follow","max-snippet":"max-snippet:-1","max-image-preview":"max-image-preview:large","max-video-preview":"max-video-preview:-1"},"canonical":"\/fr\/https:\/\/staging.santecirclehealth.com\/fr\/politique-de-securite\/\/","og_locale":"en_US","og_type":"article","og_title":"Politique de s\u00e9curit\u00e9","og_url":"\/fr\/https:\/\/staging.santecirclehealth.com\/fr\/politique-de-securite\/\/","og_site_name":"Sante Circle Health","article_publisher":"https:\/\/www.facebook.com\/people\/Sant-Circle-Health\/100064844659711\/","article_modified_time":"2025-06-26T12:22:06+00:00","twitter_card":"summary_large_image","twitter_misc":{"Est. reading time":"2 minutes"},"schema":{"@context":"https:\/\/schema.org","@graph":[{"@type":"WebPage","@id":"https:\/\/staging.santecirclehealth.com\/fr\/politique-de-securite\/","url":"https:\/\/staging.santecirclehealth.com\/fr\/politique-de-securite\/","name":"Politique de s\u00e9curit\u00e9 - Sante Circle Health","isPartOf":{"@id":"https:\/\/staging.santecirclehealth.com\/#website"},"datePublished":"2024-08-15T01:01:07+00:00","dateModified":"2025-06-26T12:22:06+00:00","breadcrumb":{"@id":"https:\/\/staging.santecirclehealth.com\/fr\/politique-de-securite\/#breadcrumb"},"inLanguage":"en-US","potentialAction":[{"@type":"ReadAction","target":["https:\/\/staging.santecirclehealth.com\/fr\/politique-de-securite\/"]}]},{"@type":"BreadcrumbList","@id":"https:\/\/staging.santecirclehealth.com\/fr\/politique-de-securite\/#breadcrumb","itemListElement":[{"@type":"ListItem","position":1,"name":"Home","item":"https:\/\/staging.santecirclehealth.com\/"},{"@type":"ListItem","position":2,"name":"Politique de s\u00e9curit\u00e9"}]},{"@type":"WebSite","@id":"https:\/\/staging.santecirclehealth.com\/#website","url":"https:\/\/staging.santecirclehealth.com\/","name":"Sante Circle Health","description":"Health Care","publisher":{"@id":"https:\/\/staging.santecirclehealth.com\/#organization"},"potentialAction":[{"@type":"SearchAction","target":{"@type":"EntryPoint","urlTemplate":"https:\/\/staging.santecirclehealth.com\/?s={search_term_string}"},"query-input":{"@type":"PropertyValueSpecification","valueRequired":true,"valueName":"search_term_string"}}],"inLanguage":"en-US"},{"@type":"Organization","@id":"https:\/\/staging.santecirclehealth.com\/#organization","name":"Sante Circle Health","url":"https:\/\/staging.santecirclehealth.com\/","logo":{"@type":"ImageObject","inLanguage":"en-US","@id":"https:\/\/staging.santecirclehealth.com\/#\/schema\/logo\/image\/","url":"https:\/\/santecirclehealth.com\/wp-content\/uploads\/2023\/04\/Logo-long-with-circle-on-left.png","contentUrl":"https:\/\/santecirclehealth.com\/wp-content\/uploads\/2023\/04\/Logo-long-with-circle-on-left.png","width":329,"height":68,"caption":"Sante Circle Health"},"image":{"@id":"https:\/\/staging.santecirclehealth.com\/#\/schema\/logo\/image\/"},"sameAs":["https:\/\/www.facebook.com\/people\/Sant-Circle-Health\/100064844659711\/"]}]}},"_links":{"self":[{"href":"https:\/\/staging.santecirclehealth.com\/fr\/wp-json\/wp\/v2\/pages\/9380","targetHints":{"allow":["GET"]}}],"collection":[{"href":"https:\/\/staging.santecirclehealth.com\/fr\/wp-json\/wp\/v2\/pages"}],"about":[{"href":"https:\/\/staging.santecirclehealth.com\/fr\/wp-json\/wp\/v2\/types\/page"}],"author":[{"embeddable":true,"href":"https:\/\/staging.santecirclehealth.com\/fr\/wp-json\/wp\/v2\/users\/9"}],"replies":[{"embeddable":true,"href":"https:\/\/staging.santecirclehealth.com\/fr\/wp-json\/wp\/v2\/comments?post=9380"}],"version-history":[{"count":0,"href":"https:\/\/staging.santecirclehealth.com\/fr\/wp-json\/wp\/v2\/pages\/9380\/revisions"}],"wp:attachment":[{"href":"https:\/\/staging.santecirclehealth.com\/fr\/wp-json\/wp\/v2\/media?parent=9380"}],"curies":[{"name":"wp","href":"https:\/\/api.w.org\/{rel}","templated":true}]}}